{"id":556,"date":"2025-03-11T16:06:17","date_gmt":"2025-03-11T16:06:17","guid":{"rendered":"https:\/\/turegistrodemarca.com\/?page_id=556"},"modified":"2025-03-11T16:07:35","modified_gmt":"2025-03-11T16:07:35","slug":"politica-de-privacidad","status":"publish","type":"page","link":"https:\/\/turegistrodemarca.com\/?page_id=556","title":{"rendered":"Pol\u00edtica de privacidad"},"content":{"rendered":"\t\t<div data-elementor-type=\"wp-page\" data-elementor-id=\"556\" class=\"elementor elementor-556\" data-elementor-post-type=\"page\">\n\t\t\t\t\t\t<section class=\"elementor-section elementor-top-section elementor-element elementor-element-d03cea5 elementor-section-stretched elementor-section-boxed elementor-section-height-default elementor-section-height-default\" data-id=\"d03cea5\" data-element_type=\"section\" data-settings=\"{&quot;stretch_section&quot;:&quot;section-stretched&quot;,&quot;background_background&quot;:&quot;classic&quot;}\">\n\t\t\t\t\t\t<div class=\"elementor-container elementor-column-gap-wider\">\n\t\t\t\t\t<div class=\"elementor-column elementor-col-100 elementor-top-column elementor-element elementor-element-61f984a\" data-id=\"61f984a\" data-element_type=\"column\">\n\t\t\t<div class=\"elementor-widget-wrap elementor-element-populated\">\n\t\t\t\t\t\t<section class=\"elementor-section elementor-inner-section elementor-element elementor-element-9a4c0e7 elementor-section-boxed elementor-section-height-default elementor-section-height-default\" data-id=\"9a4c0e7\" data-element_type=\"section\">\n\t\t\t\t\t\t<div class=\"elementor-container elementor-column-gap-default\">\n\t\t\t\t\t<div class=\"elementor-column elementor-col-50 elementor-inner-column elementor-element elementor-element-eafc460\" data-id=\"eafc460\" data-element_type=\"column\">\n\t\t\t<div class=\"elementor-widget-wrap elementor-element-populated\">\n\t\t\t\t\t\t<div class=\"elementor-element elementor-element-3fe3beb elementor-widget elementor-widget-heading\" data-id=\"3fe3beb\" data-element_type=\"widget\" data-widget_type=\"heading.default\">\n\t\t\t\t<div class=\"elementor-widget-container\">\n\t\t\t\t\t<h1 class=\"elementor-heading-title elementor-size-default\"><strong>AVISO DE PRIVACIDAD<\/strong><\/h1>\t\t\t\t<\/div>\n\t\t\t\t<\/div>\n\t\t\t\t\t<\/div>\n\t\t<\/div>\n\t\t\t\t<div class=\"elementor-column elementor-col-50 elementor-inner-column elementor-element elementor-element-87e65ba\" data-id=\"87e65ba\" data-element_type=\"column\">\n\t\t\t<div class=\"elementor-widget-wrap\">\n\t\t\t\t\t\t\t<\/div>\n\t\t<\/div>\n\t\t\t\t\t<\/div>\n\t\t<\/section>\n\t\t\t\t\t<\/div>\n\t\t<\/div>\n\t\t\t\t\t<\/div>\n\t\t<\/section>\n\t\t\t\t<section class=\"elementor-section elementor-top-section elementor-element elementor-element-c38f172 elementor-section-stretched elementor-section-boxed elementor-section-height-default elementor-section-height-default\" data-id=\"c38f172\" data-element_type=\"section\" data-settings=\"{&quot;stretch_section&quot;:&quot;section-stretched&quot;}\">\n\t\t\t\t\t\t<div class=\"elementor-container elementor-column-gap-wider\">\n\t\t\t\t\t<div class=\"elementor-column elementor-col-100 elementor-top-column elementor-element elementor-element-f5b8284\" data-id=\"f5b8284\" data-element_type=\"column\">\n\t\t\t<div class=\"elementor-widget-wrap elementor-element-populated\">\n\t\t\t\t\t\t<div class=\"elementor-element elementor-element-9c5f97b elementor-widget elementor-widget-text-editor\" data-id=\"9c5f97b\" data-element_type=\"widget\" data-widget_type=\"text-editor.default\">\n\t\t\t\t<div class=\"elementor-widget-container\">\n\t\t\t\t\t\t\t\t\t<p><strong>AVISO DE PRIVACIDAD<\/strong><\/p><p>Asesor\u00eda y Servicios Corporativos REA S.A.P.I. de C.V. (en lo sucesivo \u201c<strong><u>Tu Registro de Marca<\/u><\/strong>\u201d) con domicilio Paseo de la Reforma, n\u00famero 560, Lomas de Virreyes, en la Ciudad de M\u00e9xico, C.P. 11000 en cumplimiento a la Ley Federal de Protecci\u00f3n de Datos Personales en Posesi\u00f3n de los Particulares, su reglamento, lineamientos y dem\u00e1s disposiciones relativas y aplicables (en adelante de manera conjunta \u201c<strong><u>La Ley<\/u><\/strong>\u201d) hace de su conocimiento mediante el presente documento (el \u201c<strong><u>Aviso de Privacidad<\/u><\/strong>\u201d) su pol\u00edtica de privacidad, as\u00ed como el tratamiento que dar\u00e1 a los datos personales que sean recabados de manera directa en su establecimiento; v\u00eda telef\u00f3nica; por correo electr\u00f3nico; redes sociales (Twitter,\u00a0 Facebook, LinkedIn, etc.) y\/o a trav\u00e9s de su portal <u><a href=\"http:\/\/www.turegistrodemarca.com\">http:\/\/www.turegistrodemarca.com<\/a><\/u> (en lo sucesivo el \u201c<strong><u>Portal<\/u><\/strong>\u201d) garantizando as\u00ed que el tratamiento de sus datos personales se lleve a cabo de manera leg\u00edtima, controlada e informada, preservando el derecho del titular de los datos personales (en lo sucesivo el \u201c<strong><u>Titular<\/u><\/strong>\u201d) a la privacidad y a la autodeterminaci\u00f3n informativa, mediante el uso e implementaci\u00f3n de altas medidas de seguridad t\u00e9cnicas, f\u00edsicas y administrativas, a fin de impedir cualquier da\u00f1o, perdida, alteraci\u00f3n, destrucci\u00f3n, uso, acceso o tratamiento no autorizado.<\/p><ol><li><strong>RESPONSABILIDAD<\/strong><\/li><\/ol><p>Tu Registro de Marca, ser\u00e1 responsable del tratamiento que se le d\u00e9 a los datos personales recabados a trav\u00e9s de los medios descritos anteriormente, asimismo, hace de su conocimiento que los datos personales ser\u00e1n tratados y resguardados con base en los principios de licitud, calidad, consentimiento, informaci\u00f3n, finalidad, lealtad, proporcionalidad y responsabilidad, establecidos en la Ley.<\/p><ol start=\"2\"><li><strong>DATOS PERSONALES RECABADOS<\/strong><\/li><\/ol><p>Los datos personales que se solicitar\u00e1n al Titular de manera enunciativa, m\u00e1s no limitativa ser\u00e1n los siguientes; nombre completo, tel\u00e9fono, correo electr\u00f3nico, marca, clave de RFC, domicilio fiscal, servicios o productos ofrecidos, domicilio, fecha de primer uso, n\u00famero de registro, domicilio en el que se usar\u00e1 la marca, empresa en la que trabaja o a la que representa, p\u00e1gina web, entre otros, que conforme a la naturaleza del producto y\/o servicio requerido Tu Registro de Marca solicite, los cuales no son considerados datos personales sensibles conforme a la Ley (en lo sucesivo los \u201c<strong><u>Datos Personales<\/u><\/strong>\u201d).<\/p><p>El Titular de los datos personales proporcionados a Tu Registro de Marca, es responsable, en cualquier caso, de la veracidad, exactitud, vigencia y autenticidad de los datos proporcionados, y se compromete a mantenerla debidamente actualizada.<\/p><ol start=\"3\"><li><strong>FINALIDAD<\/strong><\/li><\/ol><p>Los Datos Personales que sean proporcionados por el Titular a\u00a0 Tu Registro de Marca ser\u00e1n recabados para las siguientes finalidades: (i) identificaci\u00f3n del contacto; (ii) proveer, contratar, cotizar y proporcionar informaci\u00f3n, respecto de productos y\/o servicios ofertados por Tu Registro de Marca y\/o solicitados por el Titular; (iii) prestar Servicios, presentar solicitudes de registro o contestar oficios ante el Instituto Mexicano de la Propiedad Industrial (\u201cIMPI\u201d) u otras Autoridades y dar un correcto seguimiento a las solicitudes de El Titular, en el entendido que la informaci\u00f3n proporcionada al IMPI es p\u00fablica y forma parte de s base de datos (iv) acceder a eventos, ventas exclusivas, ofertas o promociones respecto de productos y\/o servicios ofertados por Tu Registro de Marca; (v) acceder a informaci\u00f3n contenida en el Portal; (vi) proporcionar materiales propiedad de Tu Registro de Marca; (vii) evaluar la calidad de los productos y\/o servicios; (viii) recolectar informaci\u00f3n derivada de los gustos y preferencias de los productos y\/o servicios adquiridos; (ix) requerimientos de pago y facturaci\u00f3n a clientes; (x) contacto v\u00eda correo, correo electr\u00f3nico o tel\u00e9fono con el fin de establecer un contacto m\u00e1s cercano con los usuarios y\/o visitantes del Portal y los clientes de Tu Registro de Marca, para cualquier tema de inter\u00e9s.<\/p><ol start=\"4\"><li><strong>TRANSFERENCIA DE DATOS PERSONALES<\/strong><\/li><\/ol><p>Tu Registro de Marca no transferir\u00e1 los Datos Personales del Titular, en el entendido de que s\u00ed los usar\u00e1 en las solicitudes y escritos presentados ante el IMPI para prestar los servicios. En caso que al momento de requerir un producto y\/o servicio \u00e9ste implique transmisi\u00f3n de datos personales, se le har\u00e1 saber al Titular a fin de que otorgue su consentimiento para que sus datos personales sean transferidos con la finalidad de proporcionarle el producto y\/o servicio solicitado.<\/p><p>Las comunicaciones de Datos Personales que se realicen entre Tu Registro de Marca, sus sociedades filiales y el encargado de \u00e9stos y\/o sus empleados, no ser\u00e1 considerado como trasferencia de datos, por lo que, en este caso, no ser\u00e1 necesario recabar el consentimiento del Titular.<\/p><p>Sin perjuicio de lo anterior Tu Registro de Marca podr\u00e1 en todo momento revelar y transmitir Informaci\u00f3n cuando por mandato de ley y\/o de autoridad competente le fuere requerido, o por considerar de buena fe que dicha revelaci\u00f3n es necesaria para: i) Cumplir con procesos legales; ii) Responder reclamaciones que involucren cualquier contenido que menoscabe derechos de terceros; iii) Proteger los derechos, la propiedad o la seguridad de Tu Registro de Marca, sus usuarios y p\u00fablico en general, y; iv) Cuando la transferencia est\u00e9 prevista en una Ley o Tratado en los que M\u00e9xico sea parte.<\/p><p>Tu Registro de Marca podr\u00e1 proporcionar los Datos Personales a cualquier autoridad que le requiera la misma, para: (i) interponer cualquier medio de defensa en su favor; (ii) establecer medidas de protecci\u00f3n en contra de actividades il\u00edcitas o situaciones que impliquen riesgo a la seguridad de cualquier persona; y (iv) cualquier otra actividad que la ley o alguna autoridad requiera.<\/p><ol start=\"5\"><li><strong>VIGENCIA<\/strong><\/li><\/ol><p>Los Datos Personales ser\u00e1n tratados \u00fanicamente por el tiempo necesario que dure el acto jur\u00eddico que d\u00e9 origen a la relaci\u00f3n contractual y solo para las finalidades antes descritas y\/o de conformidad con lo que establezcan las disposiciones legales aplicables. La obligaci\u00f3n de confidencialidad de las personas que participan en el tratamiento de los Datos Personales subsistir\u00e1 aun despu\u00e9s de terminada la relaci\u00f3n de \u00e9stos con Tu Registro de Marca.<\/p><ol start=\"6\"><li><strong>SEGURIDAD <\/strong><\/li><\/ol><p>Tu Registro de Marca, se compromete a que los Datos Personales ser\u00e1n resguardados bajo estrictas medidas de seguridad administrativas, t\u00e9cnicas y f\u00edsicas las cuales han sido implementadas con el objeto de proteger los Datos Personales contra da\u00f1o, p\u00e9rdida, alteraci\u00f3n, destrucci\u00f3n o el uso, acceso o tratamiento no autorizado. \u00danicamente el personal autorizado por Tu Registro de Marca, tendr\u00e1 acceso a los Datos Personales. El personal autorizado tiene prohibido permitir el acceso a personas no autorizadas y utilizar los datos personales para fines distintos a los establecidos en el presente Aviso de Privacidad.<\/p><p>Este sitio de Internet podr\u00e1 contener enlaces a otros sitios de Internet. Al momento de acceder en cualquiera de esos accesos, el usuario de la misma dejar\u00e1 el sitio de Tu Registro de Marca, y entrar\u00e1 a otro sitio de Internet, por tanto, Tu Registro de Marca, no tiene ning\u00fan control sobre dichos sitios, no siendo responsable en forma alguna por la informaci\u00f3n que se solicite y registre en estos sitios.<\/p><ol start=\"7\"><li><strong>DERECHOS A.R.C.O.<\/strong><\/li><\/ol><p>El Titular podr\u00e1: i) conocer los Datos Personales que posea Tu Registro de Marca y los detalles de su tratamiento; ii) Rectificar sus Datos Personales en caso de ser inexactos; iii) Cancelar el tratamiento de los Datos Personales cuando considere que resultan ser excesivos o innecesarios para las finalidades que justificaron su obtenci\u00f3n; y iv) Oponerse al tratamiento de sus Datos Personales para fines espec\u00edficos.<\/p><p>El Titular deber\u00e1 considerar que, para ciertos fines, la revocaci\u00f3n del consentimiento al tratamiento de los Datos Personales implicar\u00e1 que Tu Registro de Marca no pueda seguir proporcionando el producto y\/o servicio solicitado por el Titular.<\/p><p>En todo momento el Titular podr\u00e1 revocar el consentimiento otorgado para el tratamiento de sus Datos Personales, a fin de que se deje de hacer uso de los mismos. En caso de que requiera limitar el uso y\/o divulgaci\u00f3n de los Datos Personales o bien, ejercer cualquiera de sus derechos de acceso, rectificaci\u00f3n, cancelaci\u00f3n u oposici\u00f3n (\u201c<strong><u>Derechos A.R.C.O.<\/u><\/strong>\u201d), deber\u00e1 dirigir su solicitud: (i) al correo electr\u00f3nico contacto@turegistrodemarca.com.<\/p><p>El ejercicio de los Derechos A.R.C.O. ser\u00e1 gratuito, debiendo cubrir el Titular los gastos de env\u00edo, reproducci\u00f3n y\/o certificaci\u00f3n de documentos.<\/p><p>Para lo anterior, deber\u00e1 informar a Tu Registro de Marca, de forma clara y precisa, los Datos Personales que el Titular desea sean rectificados, cancelados o revisados, as\u00ed como el prop\u00f3sito para el cual los aport\u00f3 y en general cumplir los requisitos mencionados en el art. 29 de la Ley Federal de Protecci\u00f3n de Datos Personales en Posesi\u00f3n de Particulares:<\/p><ul><li>Nombre completo del Titular, domicilio, tel\u00e9fono y cuenta de correo electr\u00f3nico, para poder comunicarle la respuesta a su solicitud.<\/li><li>Los documentos que acrediten la identidad o, en su caso, la representaci\u00f3n legal del Titular de los datos personales.<\/li><li>Una descripci\u00f3n clara, sucinta y precisa de lo solicitado.<\/li><li>Cualquier otro elemento o documento que facilite en su caso, dar cumplimiento a su solicitud y\/o para emitir respuesta a la misma.<\/li><\/ul><p>Tu Registro de Marca tendr\u00e1 un plazo no mayor a 20 d\u00edas h\u00e1biles posteriores a la recepci\u00f3n de la solicitud referida para dar respuesta a la misma, y 15 d\u00edas h\u00e1biles m\u00e1s para hacer efectivo el ejercicio del derecho que solicite, en caso de que resulte procedente.<\/p><p>Los plazos antes referidos podr\u00e1n ser ampliados por un periodo igual, siempre y cuando as\u00ed lo justifiquen las circunstancias del caso.<\/p><ol start=\"8\"><li><strong>MODIFICACI\u00d3N AL AVISO DE PRIVACIDAD<\/strong><\/li><\/ol><p>Tu Registro de Marca, se reserva el derecho para cambiar el presente Aviso de Privacidad en cualquier momento, sin previa notificaci\u00f3n o responsabilidad.<\/p><p>Cualquier modificaci\u00f3n al presente aviso le ser\u00e1 notificada a trav\u00e9s del siguiente medio:<\/p><ul><li>P\u00e1gina web: http:\/\/www.turegistrodemarca.com<\/li><\/ul><p>La recolecci\u00f3n de informaci\u00f3n, el uso y la divulgaci\u00f3n que haga Tu Registro de Marca, de los Datos Personales ser\u00e1 regida por la versi\u00f3n del Aviso de Privacidad en ese momento publicada.<\/p><p>Asimismo, cualquier cambio de domicilio, n\u00famero telef\u00f3nico, fax y\/o p\u00e1gina web, ser\u00e1 publicado en la p\u00e1gina web se\u00f1alada anteriormente durante diez d\u00edas naturales previos a la fecha efectiva de cambio, y es su responsabilidad consultar este aviso y sus modificaciones.<\/p><ol start=\"9\"><li><strong>OTORGAMIENTO DEL CONSENTIMIENTO<\/strong><\/li><\/ol><p>Al proporcionar los Datos Personales el Titular confirma y acepta que ha le\u00eddo y otorga su consentimiento para ajustarse a lo estipulado en el presente Aviso de Privacidad. Asimismo, en caso de proporcionar Datos Personales sensibles y\/o de car\u00e1cter patrimonial y\/o financiero, su consentimiento ser\u00e1 recabado de forma expresa y por escrito dejando como constancia su firma aut\u00f3grafa, firma electr\u00f3nica, o cualquier mecanismo de autenticaci\u00f3n que al efecto se establezca.<\/p>\t\t\t\t\t\t\t\t<\/div>\n\t\t\t\t<\/div>\n\t\t\t\t\t<\/div>\n\t\t<\/div>\n\t\t\t\t\t<\/div>\n\t\t<\/section>\n\t\t\t\t<\/div>\n\t\t","protected":false},"excerpt":{"rendered":"<p>AVISO DE PRIVACIDAD AVISO DE PRIVACIDAD Asesor\u00eda y Servicios Corporativos REA S.A.P.I. de C.V. (en lo sucesivo \u201cTu Registro de Marca\u201d) con domicilio Paseo de la<span class=\"excerpt-hellip\"> [\u2026]<\/span><\/p>\n","protected":false},"author":1,"featured_media":0,"parent":0,"menu_order":0,"comment_status":"open","ping_status":"closed","template":"","meta":{"footnotes":""},"class_list":["post-556","page","type-page","status-publish","hentry"],"_links":{"self":[{"href":"https:\/\/turegistrodemarca.com\/index.php?rest_route=\/wp\/v2\/pages\/556","targetHints":{"allow":["GET"]}}],"collection":[{"href":"https:\/\/turegistrodemarca.com\/index.php?rest_route=\/wp\/v2\/pages"}],"about":[{"href":"https:\/\/turegistrodemarca.com\/index.php?rest_route=\/wp\/v2\/types\/page"}],"author":[{"embeddable":true,"href":"https:\/\/turegistrodemarca.com\/index.php?rest_route=\/wp\/v2\/users\/1"}],"replies":[{"embeddable":true,"href":"https:\/\/turegistrodemarca.com\/index.php?rest_route=%2Fwp%2Fv2%2Fcomments&post=556"}],"version-history":[{"count":4,"href":"https:\/\/turegistrodemarca.com\/index.php?rest_route=\/wp\/v2\/pages\/556\/revisions"}],"predecessor-version":[{"id":560,"href":"https:\/\/turegistrodemarca.com\/index.php?rest_route=\/wp\/v2\/pages\/556\/revisions\/560"}],"wp:attachment":[{"href":"https:\/\/turegistrodemarca.com\/index.php?rest_route=%2Fwp%2Fv2%2Fmedia&parent=556"}],"curies":[{"name":"wp","href":"https:\/\/api.w.org\/{rel}","templated":true}]}}